{"id":74,"date":"2026-03-20T11:29:31","date_gmt":"2026-03-20T11:29:31","guid":{"rendered":"https:\/\/kutschera-marketing.de\/?page_id=74"},"modified":"2026-03-25T10:32:04","modified_gmt":"2026-03-25T10:32:04","slug":"dein-service","status":"publish","type":"page","link":"https:\/\/kutschera-marketing.de\/?page_id=74","title":{"rendered":"Euch-Service"},"content":{"rendered":"\n<div class=\"wp-block-cover alignfull is-light has-custom-content-position is-position-top-left\" style=\"min-height:597px;aspect-ratio:unset;\"><span aria-hidden=\"true\" class=\"wp-block-cover__background has-background-dim-100 has-background-dim\" style=\"background-color:#ffffff\"><\/span><div class=\"wp-block-cover__inner-container is-layout-flow wp-block-cover-is-layout-flow\">\n<div class=\"wp-block-media-text alignwide is-stacked-on-mobile is-vertically-aligned-top is-image-fill-element\" style=\"grid-template-columns:34% auto\"><figure class=\"wp-block-media-text__media\"><img alt=\"\" loading=\"lazy\" decoding=\"async\" width=\"394\" height=\"1013\" src=\"https:\/\/kutschera-marketing.de\/wp-content\/uploads\/2026\/03\/c3.jpg\" alt=\"\" class=\"wp-image-95 size-full\" style=\"object-position:50% 50%\" srcset=\"https:\/\/kutschera-marketing.de\/wp-content\/uploads\/2026\/03\/c3.jpg 394w, https:\/\/kutschera-marketing.de\/wp-content\/uploads\/2026\/03\/c3-117x300.jpg 117w\" sizes=\"auto, (max-width: 394px) 100vw, 394px\" \/><\/figure><div class=\"wp-block-media-text__content\">\n<h2 class=\"wp-block-heading has-text-color\" style=\"color:#000000;font-size:32px\"><strong>Euch-Service<\/strong><\/h2>\n\n\n\n<p class=\"has-text-color\" style=\"color:#000000;font-size:17px\">Wir \u00fcbernehmen Auftr\u00e4ge zur Einrichtung, Entwurf, Entwicklung und Design von Applikationen, Dateneinholung und Datenspeicherung. Die Technologie entspricht der von Ihnen gew\u00fcnschten Architektur in Abh\u00e4ngigkeit der Interfacetechnologie, die Sie uns zu Verf\u00fcgung stellen<\/p>\n<\/div><\/div>\n<\/div><\/div>\n\n\n\n<p><\/p>\n","protected":false},"excerpt":{"rendered":"","protected":false},"author":1,"featured_media":0,"parent":2,"menu_order":0,"comment_status":"closed","ping_status":"closed","template":"","meta":{"_seopress_robots_primary_cat":"","_seopress_titles_title":"","_seopress_titles_desc":"","_seopress_robots_index":"","footnotes":""},"class_list":["post-74","page","type-page","status-publish","hentry"],"_links":{"self":[{"href":"https:\/\/kutschera-marketing.de\/index.php?rest_route=\/wp\/v2\/pages\/74","targetHints":{"allow":["GET"]}}],"collection":[{"href":"https:\/\/kutschera-marketing.de\/index.php?rest_route=\/wp\/v2\/pages"}],"about":[{"href":"https:\/\/kutschera-marketing.de\/index.php?rest_route=\/wp\/v2\/types\/page"}],"author":[{"embeddable":true,"href":"https:\/\/kutschera-marketing.de\/index.php?rest_route=\/wp\/v2\/users\/1"}],"replies":[{"embeddable":true,"href":"https:\/\/kutschera-marketing.de\/index.php?rest_route=%2Fwp%2Fv2%2Fcomments&post=74"}],"version-history":[{"count":6,"href":"https:\/\/kutschera-marketing.de\/index.php?rest_route=\/wp\/v2\/pages\/74\/revisions"}],"predecessor-version":[{"id":171,"href":"https:\/\/kutschera-marketing.de\/index.php?rest_route=\/wp\/v2\/pages\/74\/revisions\/171"}],"up":[{"embeddable":true,"href":"https:\/\/kutschera-marketing.de\/index.php?rest_route=\/wp\/v2\/pages\/2"}],"wp:attachment":[{"href":"https:\/\/kutschera-marketing.de\/index.php?rest_route=%2Fwp%2Fv2%2Fmedia&parent=74"}],"curies":[{"name":"wp","href":"https:\/\/api.w.org\/{rel}","templated":true}]}}