{"id":69,"date":"2026-03-20T11:23:50","date_gmt":"2026-03-20T11:23:50","guid":{"rendered":"https:\/\/kutschera-marketing.de\/?page_id=69"},"modified":"2026-03-23T10:15:11","modified_gmt":"2026-03-23T10:15:11","slug":"wir-netzwerk","status":"publish","type":"page","link":"https:\/\/kutschera-marketing.de\/?page_id=69","title":{"rendered":"Wir-Netzwerk"},"content":{"rendered":"\n<div class=\"wp-block-cover alignfull is-light has-custom-content-position is-position-top-left\" style=\"min-height:100vh;aspect-ratio:unset;\"><span aria-hidden=\"true\" class=\"wp-block-cover__background has-background-dim-100 has-background-dim\" style=\"background-color:#ffffff\"><\/span><div class=\"wp-block-cover__inner-container is-layout-flow wp-block-cover-is-layout-flow\">\n<div class=\"wp-block-media-text alignwide is-stacked-on-mobile is-vertically-aligned-center is-image-fill-element\" style=\"grid-template-columns:35% auto\"><figure class=\"wp-block-media-text__media\"><img alt=\"\" loading=\"lazy\" decoding=\"async\" width=\"400\" height=\"1024\" src=\"https:\/\/kutschera-marketing.de\/wp-content\/uploads\/2026\/03\/c1.jpg\" alt=\"\" class=\"wp-image-93 size-full\" style=\"object-position:50% 50%\" srcset=\"https:\/\/kutschera-marketing.de\/wp-content\/uploads\/2026\/03\/c1.jpg 400w, https:\/\/kutschera-marketing.de\/wp-content\/uploads\/2026\/03\/c1-117x300.jpg 117w\" sizes=\"auto, (max-width: 400px) 100vw, 400px\" \/><\/figure><div class=\"wp-block-media-text__content\">\n<h2 class=\"wp-block-heading has-text-color\" style=\"color:#000000;font-size:32px\"><strong><strong>Wir-Netzwerk<\/strong><\/strong><\/h2>\n\n\n\n<p class=\"has-text-color\" style=\"color:#000000;font-size:17px\">Hallo<br>Kutschera-Marketing ist ein Netzwerk freier Webentwickler mit verschiedenen IT-Stacks. Wir haben alle hohe Skill-Sets durch langj\u00e4hrige Erfahrung in kleinen (10 Ma) und gro\u00dfen It-Projekten (60 MA) gro\u00dfer und Mittelst\u00e4ndischer Unternehmen.<\/p>\n\n\n\n<p>Unsere Unternehmensexpertise betrifft Unternehmen wie Audi, VW, Lufthansa IT-Services, VHV, VW Financial Services, Compu-Group. (Auszug)<\/p>\n\n\n\n<p class=\"has-text-color\" style=\"color:#000000;font-size:17px\">Unsere fachliche Erfahrung reicht von Health-Care, Finance, Maschinenbau, Automotive, Telekommunikation bis hin zu Logistik, Terminmanagement, Dokumentenmanagement und Content-Management. (Auszug)\u00c4mters.werden.<\/p>\n<\/div><\/div>\n<\/div><\/div>\n","protected":false},"excerpt":{"rendered":"","protected":false},"author":1,"featured_media":0,"parent":2,"menu_order":0,"comment_status":"closed","ping_status":"closed","template":"","meta":{"_seopress_robots_primary_cat":"","_seopress_titles_title":"","_seopress_titles_desc":"","_seopress_robots_index":"","footnotes":""},"class_list":["post-69","page","type-page","status-publish","hentry"],"_links":{"self":[{"href":"https:\/\/kutschera-marketing.de\/index.php?rest_route=\/wp\/v2\/pages\/69","targetHints":{"allow":["GET"]}}],"collection":[{"href":"https:\/\/kutschera-marketing.de\/index.php?rest_route=\/wp\/v2\/pages"}],"about":[{"href":"https:\/\/kutschera-marketing.de\/index.php?rest_route=\/wp\/v2\/types\/page"}],"author":[{"embeddable":true,"href":"https:\/\/kutschera-marketing.de\/index.php?rest_route=\/wp\/v2\/users\/1"}],"replies":[{"embeddable":true,"href":"https:\/\/kutschera-marketing.de\/index.php?rest_route=%2Fwp%2Fv2%2Fcomments&post=69"}],"version-history":[{"count":2,"href":"https:\/\/kutschera-marketing.de\/index.php?rest_route=\/wp\/v2\/pages\/69\/revisions"}],"predecessor-version":[{"id":97,"href":"https:\/\/kutschera-marketing.de\/index.php?rest_route=\/wp\/v2\/pages\/69\/revisions\/97"}],"up":[{"embeddable":true,"href":"https:\/\/kutschera-marketing.de\/index.php?rest_route=\/wp\/v2\/pages\/2"}],"wp:attachment":[{"href":"https:\/\/kutschera-marketing.de\/index.php?rest_route=%2Fwp%2Fv2%2Fmedia&parent=69"}],"curies":[{"name":"wp","href":"https:\/\/api.w.org\/{rel}","templated":true}]}}