{"id":62,"date":"2026-03-20T11:11:40","date_gmt":"2026-03-20T11:11:40","guid":{"rendered":"https:\/\/kutschera-marketing.de\/?page_id=62"},"modified":"2026-03-23T10:15:37","modified_gmt":"2026-03-23T10:15:37","slug":"uns-technik","status":"publish","type":"page","link":"https:\/\/kutschera-marketing.de\/?page_id=62","title":{"rendered":"Uns-Technik"},"content":{"rendered":"\n<div class=\"wp-block-media-text alignwide is-stacked-on-mobile is-vertically-aligned-center is-image-fill-element\" style=\"grid-template-columns:34% auto\"><figure class=\"wp-block-media-text__media\"><img alt=\"\" loading=\"lazy\" decoding=\"async\" width=\"370\" height=\"1024\" src=\"https:\/\/kutschera-marketing.de\/wp-content\/uploads\/2026\/03\/c2.jpg\" alt=\"\" class=\"wp-image-94 size-full\" style=\"object-position:50% 50%\" srcset=\"https:\/\/kutschera-marketing.de\/wp-content\/uploads\/2026\/03\/c2.jpg 370w, https:\/\/kutschera-marketing.de\/wp-content\/uploads\/2026\/03\/c2-108x300.jpg 108w\" sizes=\"auto, (max-width: 370px) 100vw, 370px\" \/><\/figure><div class=\"wp-block-media-text__content\">\n<h2 class=\"wp-block-heading has-text-color\" style=\"color:#000000;font-size:32px\"><strong><strong>Uns-Technik<\/strong><\/strong><\/h2>\n\n\n\n<p class=\"has-text-color\" style=\"color:#000000;font-size:17px\">Haupts\u00e4chlich bauen wir Schnittstellen f\u00fcr die Mensch-Maschine-Kommunikation. Sogenannte Benutzerschnittstellen.<\/p>\n\n\n\n<p class=\"has-medium-font-size\">Responsive \u2013 \u00c4sthetik hat das Ziel notwendige oder spielerischen Eingaben \u00fcbersichtlich und anmutend zu gestalten. Das Design muss dem Styleguide des Unternehmens zwingend folgen, bzw. mit neuen kreativen Ideen zu erweitert werden k\u00f6nnen.<\/p>\n\n\n\n<p>Usability -Accessability ist das Stichwort f\u00fcr die Leichtigkeit der Anwendung. Sie muss intuitiv erfassbar, selbsterkl\u00e4rend sein. Langes Suchen muss vermieden werden.<\/p>\n\n\n\n<p class=\"has-text-color\" style=\"color:#000000;font-size:17px\">Barrierefreiheit \u2013 WCAG f\u00fcr Webseiten die gesetzlichen Vorgaben f\u00fcr Menschen mit Behinderung entsprechen. Dies gilt vor allem f\u00fcr Seiten von \u00f6ffentlichen \u00c4mters.werden.<\/p>\n<\/div><\/div>\n\n\n\n<div class=\"wp-block-cover alignfull is-light has-custom-content-position is-position-top-left\" style=\"min-height:100vh;aspect-ratio:unset;\"><span aria-hidden=\"true\" class=\"wp-block-cover__background has-background-dim-100 has-background-dim\" style=\"background-color:#ffffff\"><\/span><div class=\"wp-block-cover__inner-container is-layout-flow wp-block-cover-is-layout-flow\">\n<p class=\"has-text-align-center has-large-font-size\"><\/p>\n<\/div><\/div>\n","protected":false},"excerpt":{"rendered":"<p>Uns-Technik Haupts\u00e4chlich bauen wir Schnittstellen f\u00fcr die Mensch-Maschine-Kommunikation. Sogenannte Benutzerschnittstellen. Responsive \u2013 \u00c4sthetik hat das Ziel notwendige oder spielerischen Eingaben \u00fcbersichtlich und anmutend zu gestalten. Das Design muss dem Styleguide des Unternehmens zwingend folgen, bzw. mit neuen kreativen Ideen zu erweitert werden k\u00f6nnen. Usability -Accessability ist das Stichwort f\u00fcr die Leichtigkeit der Anwendung. Sie muss &hellip; <\/p>\n<p class=\"link-more\"><a href=\"https:\/\/kutschera-marketing.de\/?page_id=62\" class=\"more-link\"><span class=\"screen-reader-text\">\u201eUns-Technik\u201c <\/span>weiterlesen<\/a><\/p>\n","protected":false},"author":1,"featured_media":0,"parent":2,"menu_order":0,"comment_status":"closed","ping_status":"closed","template":"","meta":{"_seopress_robots_primary_cat":"","_seopress_titles_title":"","_seopress_titles_desc":"","_seopress_robots_index":"","footnotes":""},"class_list":["post-62","page","type-page","status-publish","hentry"],"_links":{"self":[{"href":"https:\/\/kutschera-marketing.de\/index.php?rest_route=\/wp\/v2\/pages\/62","targetHints":{"allow":["GET"]}}],"collection":[{"href":"https:\/\/kutschera-marketing.de\/index.php?rest_route=\/wp\/v2\/pages"}],"about":[{"href":"https:\/\/kutschera-marketing.de\/index.php?rest_route=\/wp\/v2\/types\/page"}],"author":[{"embeddable":true,"href":"https:\/\/kutschera-marketing.de\/index.php?rest_route=\/wp\/v2\/users\/1"}],"replies":[{"embeddable":true,"href":"https:\/\/kutschera-marketing.de\/index.php?rest_route=%2Fwp%2Fv2%2Fcomments&post=62"}],"version-history":[{"count":5,"href":"https:\/\/kutschera-marketing.de\/index.php?rest_route=\/wp\/v2\/pages\/62\/revisions"}],"predecessor-version":[{"id":98,"href":"https:\/\/kutschera-marketing.de\/index.php?rest_route=\/wp\/v2\/pages\/62\/revisions\/98"}],"up":[{"embeddable":true,"href":"https:\/\/kutschera-marketing.de\/index.php?rest_route=\/wp\/v2\/pages\/2"}],"wp:attachment":[{"href":"https:\/\/kutschera-marketing.de\/index.php?rest_route=%2Fwp%2Fv2%2Fmedia&parent=62"}],"curies":[{"name":"wp","href":"https:\/\/api.w.org\/{rel}","templated":true}]}}