{"id":150,"date":"2026-03-24T12:15:15","date_gmt":"2026-03-24T12:15:15","guid":{"rendered":"https:\/\/kutschera-marketing.de\/?page_id=150"},"modified":"2026-03-25T10:32:50","modified_gmt":"2026-03-25T10:32:50","slug":"kunden","status":"publish","type":"page","link":"https:\/\/kutschera-marketing.de\/?page_id=150","title":{"rendered":"Alle-Kunden"},"content":{"rendered":"\n<p>Unser gewachsener Kundenstamm in 30 Jahren IT-Services (Auswahl)<\/p>\n\n\n\n<div class=\"wp-block-columns is-layout-flex wp-container-core-columns-is-layout-9d6595d7 wp-block-columns-is-layout-flex\">\n<div class=\"wp-block-column is-layout-flow wp-block-column-is-layout-flow\">\n<p><strong>T-Systems <\/strong><br>(Berlin)<\/p>\n<\/div>\n\n\n\n<div class=\"wp-block-column is-layout-flow wp-block-column-is-layout-flow\">\n<p><strong>T-Systems Multimedia Solutions <\/strong>(Dresden)<\/p>\n<\/div>\n\n\n\n<div class=\"wp-block-column is-layout-flow wp-block-column-is-layout-flow\">\n<p><strong>T-Systems onsite <\/strong><br>(Wolfsburg)<\/p>\n<\/div>\n<\/div>\n\n\n\n<hr class=\"wp-block-separator has-alpha-channel-opacity is-style-wide\"\/>\n\n\n\n<div class=\"wp-block-columns is-layout-flex wp-container-core-columns-is-layout-9d6595d7 wp-block-columns-is-layout-flex\">\n<div class=\"wp-block-column is-layout-flow wp-block-column-is-layout-flow\">\n<p><strong>Deutsche Bahn<\/strong> <strong>Systel<\/strong><br>(Frankfurt a. M.)<\/p>\n<\/div>\n\n\n\n<div class=\"wp-block-column is-layout-flow wp-block-column-is-layout-flow\">\n<p><strong>DeBeKa <\/strong><br>(Koblenz)<\/p>\n<\/div>\n\n\n\n<div class=\"wp-block-column is-layout-flow wp-block-column-is-layout-flow\">\n<p><strong>Volkswagen<\/strong><br>(Wolfsburg)<\/p>\n<\/div>\n<\/div>\n\n\n\n<hr class=\"wp-block-separator has-alpha-channel-opacity is-style-wide\"\/>\n\n\n\n<div class=\"wp-block-columns is-layout-flex wp-container-core-columns-is-layout-9d6595d7 wp-block-columns-is-layout-flex\">\n<div class=\"wp-block-column is-layout-flow wp-block-column-is-layout-flow\">\n<p><strong>Volkswagen Financial<\/strong><br><strong>Service <\/strong>(Braunschweig)<\/p>\n<\/div>\n\n\n\n<div class=\"wp-block-column is-layout-flow wp-block-column-is-layout-flow\">\n<p><strong>Kogit <\/strong><br>(Darmstadt)<\/p>\n<\/div>\n\n\n\n<div class=\"wp-block-column is-layout-flow wp-block-column-is-layout-flow\">\n<p><strong>Aua24Ag<\/strong><br>(Hamburg)<\/p>\n<\/div>\n<\/div>\n\n\n\n<hr class=\"wp-block-separator has-alpha-channel-opacity is-style-wide\"\/>\n\n\n\n<div class=\"wp-block-columns is-layout-flex wp-container-core-columns-is-layout-9d6595d7 wp-block-columns-is-layout-flex\">\n<div class=\"wp-block-column is-layout-flow wp-block-column-is-layout-flow\">\n<p><strong>Lufthansa IT-Services<\/strong> (Hamburg)<\/p>\n<\/div>\n\n\n\n<div class=\"wp-block-column is-layout-flow wp-block-column-is-layout-flow\">\n<p><strong>Audi<\/strong><br>(Ingolstadt)<\/p>\n<\/div>\n\n\n\n<div class=\"wp-block-column is-layout-flow wp-block-column-is-layout-flow\">\n<p><strong>K\u00fchne&amp;Nagel<\/strong> <strong>Limited<\/strong><br>(Hamburg)<\/p>\n<\/div>\n<\/div>\n\n\n\n<hr class=\"wp-block-separator has-alpha-channel-opacity is-style-wide\"\/>\n\n\n\n<div class=\"wp-block-columns is-layout-flex wp-container-core-columns-is-layout-9d6595d7 wp-block-columns-is-layout-flex\">\n<div class=\"wp-block-column is-layout-flow wp-block-column-is-layout-flow\">\n<p><strong>Eurowings<\/strong><br>(D\u00fcsseldorf)<\/p>\n<\/div>\n\n\n\n<div class=\"wp-block-column is-layout-flow wp-block-column-is-layout-flow\">\n<p><strong>CompuGroup<\/strong> <strong>Medical<\/strong><br>(Koblenz)<\/p>\n<\/div>\n\n\n\n<div class=\"wp-block-column is-layout-flow wp-block-column-is-layout-flow\">\n<p><strong>VHV<\/strong> <strong>Gruppe<\/strong><br>(Hannover)<\/p>\n<\/div>\n<\/div>\n\n\n\n<hr class=\"wp-block-separator has-alpha-channel-opacity is-style-wide\"\/>\n\n\n\n<div class=\"wp-block-columns is-layout-flex wp-container-core-columns-is-layout-9d6595d7 wp-block-columns-is-layout-flex\">\n<div class=\"wp-block-column is-layout-flow wp-block-column-is-layout-flow\">\n<p><strong>Hypoport<\/strong><br>(Berlin)<\/p>\n<\/div>\n\n\n\n<div class=\"wp-block-column is-layout-flow wp-block-column-is-layout-flow\">\n<p><strong>IVMPlus<\/strong><br>(Halle a.S.)<\/p>\n<\/div>\n\n\n\n<div class=\"wp-block-column is-layout-flow wp-block-column-is-layout-flow\">\n<p><strong>Telekom<\/strong><br>(M\u00fcnchen)<\/p>\n<\/div>\n<\/div>\n\n\n\n<hr class=\"wp-block-separator has-alpha-channel-opacity is-style-wide\"\/>\n\n\n\n<div class=\"wp-block-columns is-layout-flex wp-container-core-columns-is-layout-9d6595d7 wp-block-columns-is-layout-flex\">\n<div class=\"wp-block-column is-layout-flow wp-block-column-is-layout-flow\">\n<p><strong>WidasConcepts GmbH<\/strong><br>(Wimsheim)<\/p>\n<\/div>\n\n\n\n<div class=\"wp-block-column is-layout-flow wp-block-column-is-layout-flow\">\n<p><strong>IT-Informatik GmbH<\/strong><br>(Ulm)<\/p>\n<\/div>\n\n\n\n<div class=\"wp-block-column is-layout-flow wp-block-column-is-layout-flow\">\n<p><strong>Miele Vertriebs. Ges. KG<\/strong><br>(G\u00fctersloh)<\/p>\n<\/div>\n<\/div>\n\n\n\n<hr class=\"wp-block-separator has-alpha-channel-opacity is-style-wide\"\/>\n\n\n\n<div class=\"wp-block-columns is-layout-flex wp-container-core-columns-is-layout-9d6595d7 wp-block-columns-is-layout-flex\">\n<div class=\"wp-block-column is-layout-flow wp-block-column-is-layout-flow\">\n<p><strong>Muehlbauer GmbH<\/strong><br>(Rostock)<\/p>\n<\/div>\n\n\n\n<div class=\"wp-block-column is-layout-flow wp-block-column-is-layout-flow\">\n<p><strong>Crealogix AG <\/strong><br>(M\u00fcnchen)<\/p>\n<\/div>\n\n\n\n<div class=\"wp-block-column is-layout-flow wp-block-column-is-layout-flow\">\n<p><strong>DIHK <\/strong>Sachsen<br>(Leipzig, Dresden)<\/p>\n<\/div>\n<\/div>\n\n\n\n<hr class=\"wp-block-separator has-alpha-channel-opacity is-style-wide\"\/>\n\n\n\n<div class=\"wp-block-columns is-layout-flex wp-container-core-columns-is-layout-9d6595d7 wp-block-columns-is-layout-flex\">\n<div class=\"wp-block-column is-layout-flow wp-block-column-is-layout-flow\">\n<p><strong>FFEX AG <\/strong><br>(Frankfurt)<\/p>\n<\/div>\n\n\n\n<div class=\"wp-block-column is-layout-flow wp-block-column-is-layout-flow\">\n<p><strong>Mercedes-Benz Group AG<\/strong><br>(Stuttgart)<br><\/p>\n<\/div>\n\n\n\n<div class=\"wp-block-column is-layout-flow wp-block-column-is-layout-flow\">\n<p><br><\/p>\n<\/div>\n<\/div>\n\n\n\n<p>&#8230;daneben eine gro\u00dfe Zahl It-Schulungen in Deutschland und \u00d6sterreich<\/p>\n\n\n\n<p><\/p>\n","protected":false},"excerpt":{"rendered":"<p>Unser gewachsener Kundenstamm in 30 Jahren IT-Services (Auswahl) T-Systems (Berlin) T-Systems Multimedia Solutions (Dresden) T-Systems onsite (Wolfsburg) Deutsche Bahn Systel(Frankfurt a. M.) DeBeKa (Koblenz) Volkswagen(Wolfsburg) Volkswagen FinancialService (Braunschweig) Kogit (Darmstadt) Aua24Ag(Hamburg) Lufthansa IT-Services (Hamburg) Audi(Ingolstadt) K\u00fchne&amp;Nagel Limited(Hamburg) Eurowings(D\u00fcsseldorf) CompuGroup Medical(Koblenz) VHV Gruppe(Hannover) Hypoport(Berlin) IVMPlus(Halle a.S.) Telekom(M\u00fcnchen) WidasConcepts GmbH(Wimsheim) IT-Informatik GmbH(Ulm) Miele Vertriebs. Ges. KG(G\u00fctersloh) Muehlbauer &hellip; <\/p>\n<p class=\"link-more\"><a href=\"https:\/\/kutschera-marketing.de\/?page_id=150\" class=\"more-link\"><span class=\"screen-reader-text\">\u201eAlle-Kunden\u201c <\/span>weiterlesen<\/a><\/p>\n","protected":false},"author":1,"featured_media":0,"parent":2,"menu_order":0,"comment_status":"closed","ping_status":"closed","template":"","meta":{"_seopress_robots_primary_cat":"","_seopress_titles_title":"","_seopress_titles_desc":"","_seopress_robots_index":"","footnotes":""},"class_list":["post-150","page","type-page","status-publish","hentry"],"_links":{"self":[{"href":"https:\/\/kutschera-marketing.de\/index.php?rest_route=\/wp\/v2\/pages\/150","targetHints":{"allow":["GET"]}}],"collection":[{"href":"https:\/\/kutschera-marketing.de\/index.php?rest_route=\/wp\/v2\/pages"}],"about":[{"href":"https:\/\/kutschera-marketing.de\/index.php?rest_route=\/wp\/v2\/types\/page"}],"author":[{"embeddable":true,"href":"https:\/\/kutschera-marketing.de\/index.php?rest_route=\/wp\/v2\/users\/1"}],"replies":[{"embeddable":true,"href":"https:\/\/kutschera-marketing.de\/index.php?rest_route=%2Fwp%2Fv2%2Fcomments&post=150"}],"version-history":[{"count":7,"href":"https:\/\/kutschera-marketing.de\/index.php?rest_route=\/wp\/v2\/pages\/150\/revisions"}],"predecessor-version":[{"id":172,"href":"https:\/\/kutschera-marketing.de\/index.php?rest_route=\/wp\/v2\/pages\/150\/revisions\/172"}],"up":[{"embeddable":true,"href":"https:\/\/kutschera-marketing.de\/index.php?rest_route=\/wp\/v2\/pages\/2"}],"wp:attachment":[{"href":"https:\/\/kutschera-marketing.de\/index.php?rest_route=%2Fwp%2Fv2%2Fmedia&parent=150"}],"curies":[{"name":"wp","href":"https:\/\/api.w.org\/{rel}","templated":true}]}}